{"id":10,"date":"2018-09-03T22:20:25","date_gmt":"2018-09-03T22:20:25","guid":{"rendered":"http:\/\/grupoemilacabogados.com\/?page_id=10"},"modified":"2018-10-30T22:46:47","modified_gmt":"2018-10-30T22:46:47","slug":"contact","status":"publish","type":"page","link":"http:\/\/grupoemilacabogados.com\/?page_id=10","title":{"rendered":"Contacto"},"content":{"rendered":"\n<p style=\"font-size:22px;text-align:center\"><strong>GRUPO EMILAC ABOGADOS, S.C.<\/strong><\/p>\n\n\n\n<p style=\"font-size:18px;text-align:center\">World Trade Center, Ciudad de M\u00e9xico<\/p>\n\n\n\n<p style=\"font-size:18px;text-align:center\">Montecito No. 38, Piso 34, Of.16<\/p>\n\n\n\n<p style=\"font-size:18px;text-align:center\">Colonia N\u00e1poles, Delegaci\u00f3n Benito Ju\u00e1rez,<\/p>\n\n\n\n<p style=\"font-size:18px;text-align:center\">C.P. 03810,\u00a0 Ciudad de M\u00e9xico<\/p>\n\n\n\n<p><\/p>\n\n\n\n<p style=\"font-size:22px;text-align:center\">Tel. (55) 9000-2603<\/p>\n\n\n\n<div style=\"height:41px\" aria-hidden=\"true\" class=\"wp-block-spacer\"><\/div>\n\n\n\n<p style=\"font-size:20px;text-align:center\">E- mail:<\/p>\n\n\n\n<p style=\"font-size:20px;text-align:center\">felipe@emilacabogados.com<\/p>\n","protected":false},"excerpt":{"rendered":"<p>GRUPO EMILAC ABOGADOS, S.C. World Trade Center, Ciudad de M\u00e9xico Montecito No. 38, Piso 34, Of.16 Colonia N\u00e1poles, Delegaci\u00f3n Benito Ju\u00e1rez, C.P. 03810,\u00a0 Ciudad de M\u00e9xico Tel. (55) 9000-2603 E- mail: felipe@emilacabogados.com<\/p>\n","protected":false},"author":1,"featured_media":0,"parent":0,"menu_order":0,"comment_status":"closed","ping_status":"closed","template":"","meta":{"footnotes":""},"class_list":["post-10","page","type-page","status-publish","hentry"],"_links":{"self":[{"href":"http:\/\/grupoemilacabogados.com\/index.php?rest_route=\/wp\/v2\/pages\/10","targetHints":{"allow":["GET"]}}],"collection":[{"href":"http:\/\/grupoemilacabogados.com\/index.php?rest_route=\/wp\/v2\/pages"}],"about":[{"href":"http:\/\/grupoemilacabogados.com\/index.php?rest_route=\/wp\/v2\/types\/page"}],"author":[{"embeddable":true,"href":"http:\/\/grupoemilacabogados.com\/index.php?rest_route=\/wp\/v2\/users\/1"}],"replies":[{"embeddable":true,"href":"http:\/\/grupoemilacabogados.com\/index.php?rest_route=%2Fwp%2Fv2%2Fcomments&post=10"}],"version-history":[{"count":5,"href":"http:\/\/grupoemilacabogados.com\/index.php?rest_route=\/wp\/v2\/pages\/10\/revisions"}],"predecessor-version":[{"id":701,"href":"http:\/\/grupoemilacabogados.com\/index.php?rest_route=\/wp\/v2\/pages\/10\/revisions\/701"}],"wp:attachment":[{"href":"http:\/\/grupoemilacabogados.com\/index.php?rest_route=%2Fwp%2Fv2%2Fmedia&parent=10"}],"curies":[{"name":"wp","href":"https:\/\/api.w.org\/{rel}","templated":true}]}}