{"id":166,"date":"2018-09-12T17:22:40","date_gmt":"2018-09-12T17:22:40","guid":{"rendered":"http:\/\/grupoemilacabogados.com\/?page_id=166"},"modified":"2018-11-13T15:16:25","modified_gmt":"2018-11-13T15:16:25","slug":"lo-que-nos-motiva-y-entusiasma","status":"publish","type":"page","link":"http:\/\/grupoemilacabogados.com\/?page_id=166","title":{"rendered":"\u00bfQu\u00e9 misi\u00f3n asumimos?"},"content":{"rendered":"\n<div style=\"height:71px\" aria-hidden=\"true\" class=\"wp-block-spacer\"><\/div>\n\n\n\n<h2 class=\"wp-block-heading\" style=\"text-align:center\">\u00bfQu\u00e9 misi\u00f3n asumimos?<\/h2>\n\n\n\n<hr class=\"wp-block-separator\"\/>\n\n\n\n<div style=\"height:38px\" aria-hidden=\"true\" class=\"wp-block-spacer\"><\/div>\n\n\n\n<div class=\"wp-block-columns has-2-columns is-layout-flex wp-container-core-columns-is-layout-9d6595d7 wp-block-columns-is-layout-flex\">\n<div class=\"wp-block-column is-layout-flow wp-block-column-is-layout-flow\">\n<figure class=\"wp-block-image\"><img loading=\"lazy\" decoding=\"async\" width=\"571\" height=\"321\" src=\"http:\/\/grupoemilacabogados.com\/wp-content\/uploads\/2018\/09\/mision.jpg\" alt=\"\" class=\"wp-image-296\" srcset=\"http:\/\/grupoemilacabogados.com\/wp-content\/uploads\/2018\/09\/mision.jpg 571w, http:\/\/grupoemilacabogados.com\/wp-content\/uploads\/2018\/09\/mision-300x169.jpg 300w, http:\/\/grupoemilacabogados.com\/wp-content\/uploads\/2018\/09\/mision-405x228.jpg 405w\" sizes=\"auto, (max-width: 571px) 100vw, 571px\" \/><\/figure>\n<\/div>\n\n\n\n<div class=\"wp-block-column is-layout-flow wp-block-column-is-layout-flow\">\n<div style=\"height:52px\" aria-hidden=\"true\" class=\"wp-block-spacer\"><\/div>\n\n\n\n<ul class=\"wp-block-list\"><li>Proteger y crear veh\u00edculos jur\u00eddicos para su patrimonio inmobiliario.<\/li><\/ul>\n\n\n\n<p><\/p>\n\n\n\n<ul class=\"wp-block-list\"><li>Asegurar su tranquilidad en las relaciones comerciales.<\/li><\/ul>\n\n\n\n<p><\/p>\n\n\n\n<ul class=\"wp-block-list\"><li>Facilitar la creaci\u00f3n y operaci\u00f3n de negocios que perduren en armon\u00eda, con seguridad jur\u00eddica para todos los involucrados.<\/li><\/ul>\n\n\n\n<p><\/p>\n\n\n\n<ul class=\"wp-block-list\"><li>Proteger a las sociedades y asociaciones, y a sus accionistas o miembros, de contingencias jur\u00eddicas presentes o futuras.<br\/><\/li><\/ul>\n\n\n\n<ul class=\"wp-block-list\"><li>Tomar acciones preventivas con el objeto de evitar procedimientos contenciosos.<\/li><\/ul>\n<\/div>\n<\/div>\n\n\n\n<div style=\"height:52px\" aria-hidden=\"true\" class=\"wp-block-spacer\"><\/div>\n\n\n\n<hr class=\"wp-block-separator\"\/>\n\n\n\n<div style=\"height:27px\" aria-hidden=\"true\" class=\"wp-block-spacer\"><\/div>\n\n\n\n<h2 class=\"wp-block-heading\" style=\"text-align:center\">\u00bfQu\u00e9 Hacemos para lograr nuestra misi\u00f3n?<\/h2>\n\n\n\n<div style=\"height:59px\" aria-hidden=\"true\" class=\"wp-block-spacer\"><\/div>\n\n\n\n<div class=\"wp-block-columns has-2-columns is-layout-flex wp-container-core-columns-is-layout-9d6595d7 wp-block-columns-is-layout-flex\">\n<div class=\"wp-block-column is-layout-flow wp-block-column-is-layout-flow\">\n<figure class=\"wp-block-image is-resized\"><img decoding=\"async\" src=\"http:\/\/grupoemilacabogados.com\/wp-content\/uploads\/2018\/09\/lazo.jpg\" alt=\"\" class=\"wp-image-299\" width=\"571\" srcset=\"http:\/\/grupoemilacabogados.com\/wp-content\/uploads\/2018\/09\/lazo.jpg 320w, http:\/\/grupoemilacabogados.com\/wp-content\/uploads\/2018\/09\/lazo-300x200.jpg 300w\" sizes=\"(max-width: 320px) 100vw, 320px\" \/><\/figure>\n<\/div>\n\n\n\n<div class=\"wp-block-column is-layout-flow wp-block-column-is-layout-flow\">\n<div style=\"height:64px\" aria-hidden=\"true\" class=\"wp-block-spacer\"><\/div>\n\n\n\n<ul class=\"wp-block-list\"><li>Asesoramos legalmente a nuestros clientes de manera integral para que puedan conocer todos los \u00e1ngulos y posibles consecuencias de sus relaciones y negocios, y la mejor manera de llevarlos a cabo.<\/li><\/ul>\n\n\n\n<p><\/p>\n\n\n\n<ul class=\"wp-block-list\"><li>Dise\u00f1amos estructuras empresariales transparentes, robustas y funcionales.<\/li><\/ul>\n\n\n\n<p><\/p>\n\n\n\n<ul class=\"wp-block-list\"><li>Elaboramos contratos que, de manera simple y clara, plasman los acuerdos, facilitan su cumplimiento, y prev\u00e9n las acciones necesarias en caso de juicio.<\/li><\/ul>\n\n\n\n<p><\/p>\n\n\n\n<ul class=\"wp-block-list\"><li>Si se llegan a presentar juicios, los atendemos al 100%, de manera firme, profesional y competente.<\/li><\/ul>\n\n\n\n<p><\/p>\n\n\n\n<ul class=\"wp-block-list\"><li>Tomar acciones preventivas con el objeto de evitar procedimientos contenciosos.<\/li><\/ul>\n<\/div>\n<\/div>\n\n\n\n<div style=\"height:46px\" aria-hidden=\"true\" class=\"wp-block-spacer\"><\/div>\n\n\n\n<hr class=\"wp-block-separator\"\/>\n\n\n\n<div style=\"height:32px\" aria-hidden=\"true\" class=\"wp-block-spacer\"><\/div>\n\n\n\n<h2 class=\"wp-block-heading\" style=\"text-align:center\">\u00bfQu\u00e9 valores sustentan nuestro trabajo y la confianza de nuestros clientes?<\/h2>\n\n\n\n<div style=\"height:29px\" aria-hidden=\"true\" class=\"wp-block-spacer\"><\/div>\n\n\n\n<div class=\"wp-block-columns has-2-columns is-layout-flex wp-container-core-columns-is-layout-9d6595d7 wp-block-columns-is-layout-flex\">\n<div class=\"wp-block-column is-layout-flow wp-block-column-is-layout-flow\">\n<figure class=\"wp-block-image is-resized\"><img decoding=\"async\" src=\"http:\/\/grupoemilacabogados.com\/wp-content\/uploads\/2018\/09\/CONOCIMIENTO-1.jpg\" alt=\"\" class=\"wp-image-307\" width=\"571\" srcset=\"http:\/\/grupoemilacabogados.com\/wp-content\/uploads\/2018\/09\/CONOCIMIENTO-1.jpg 800w, http:\/\/grupoemilacabogados.com\/wp-content\/uploads\/2018\/09\/CONOCIMIENTO-1-300x169.jpg 300w, http:\/\/grupoemilacabogados.com\/wp-content\/uploads\/2018\/09\/CONOCIMIENTO-1-768x432.jpg 768w, http:\/\/grupoemilacabogados.com\/wp-content\/uploads\/2018\/09\/CONOCIMIENTO-1-405x228.jpg 405w\" sizes=\"(max-width: 800px) 100vw, 800px\" \/><\/figure>\n<\/div>\n\n\n\n<div class=\"wp-block-column is-layout-flow wp-block-column-is-layout-flow\">\n<div style=\"height:74px\" aria-hidden=\"true\" class=\"wp-block-spacer\"><\/div>\n\n\n\n<p style=\"color:#003d99;text-align:center\" class=\"has-large-font-size\"><strong>1.<\/strong><\/p>\n\n\n\n<p style=\"font-size:18px;text-align:center\">El conocimiento profundo y actualizado de las leyes.<\/p>\n<\/div>\n<\/div>\n\n\n\n<div style=\"height:27px\" aria-hidden=\"true\" class=\"wp-block-spacer\"><\/div>\n\n\n\n<div class=\"wp-block-columns has-2-columns is-layout-flex wp-container-core-columns-is-layout-9d6595d7 wp-block-columns-is-layout-flex\">\n<div class=\"wp-block-column is-layout-flow wp-block-column-is-layout-flow\">\n<figure class=\"wp-block-image is-resized\"><img decoding=\"async\" src=\"http:\/\/grupoemilacabogados.com\/wp-content\/uploads\/2018\/09\/CONFIABILIDAD.jpg\" alt=\"\" class=\"wp-image-308\" width=\"571\" srcset=\"http:\/\/grupoemilacabogados.com\/wp-content\/uploads\/2018\/09\/CONFIABILIDAD.jpg 900w, http:\/\/grupoemilacabogados.com\/wp-content\/uploads\/2018\/09\/CONFIABILIDAD-300x167.jpg 300w, http:\/\/grupoemilacabogados.com\/wp-content\/uploads\/2018\/09\/CONFIABILIDAD-768x427.jpg 768w, http:\/\/grupoemilacabogados.com\/wp-content\/uploads\/2018\/09\/CONFIABILIDAD-405x225.jpg 405w\" sizes=\"(max-width: 900px) 100vw, 900px\" \/><\/figure>\n<\/div>\n\n\n\n<div class=\"wp-block-column is-layout-flow wp-block-column-is-layout-flow\">\n<div style=\"height:76px\" aria-hidden=\"true\" class=\"wp-block-spacer\"><\/div>\n\n\n\n<p style=\"color:#003d99;text-align:center\" class=\"has-large-font-size\"><strong>2.<\/strong><\/p>\n\n\n\n<p style=\"font-size:18px;text-align:center\">La honestidad, confiabilidad y lealtad absolutas en las relaciones con nuestros clientes.<\/p>\n<\/div>\n<\/div>\n\n\n\n<div style=\"height:31px\" aria-hidden=\"true\" class=\"wp-block-spacer\"><\/div>\n\n\n\n<div class=\"wp-block-columns has-2-columns is-layout-flex wp-container-core-columns-is-layout-9d6595d7 wp-block-columns-is-layout-flex\">\n<div class=\"wp-block-column is-layout-flow wp-block-column-is-layout-flow\">\n<figure class=\"wp-block-image is-resized\"><img decoding=\"async\" src=\"http:\/\/grupoemilacabogados.com\/wp-content\/uploads\/2018\/09\/RAPIDEZ.jpg\" alt=\"\" class=\"wp-image-309\" width=\"571\" srcset=\"http:\/\/grupoemilacabogados.com\/wp-content\/uploads\/2018\/09\/RAPIDEZ.jpg 626w, http:\/\/grupoemilacabogados.com\/wp-content\/uploads\/2018\/09\/RAPIDEZ-300x200.jpg 300w, http:\/\/grupoemilacabogados.com\/wp-content\/uploads\/2018\/09\/RAPIDEZ-405x270.jpg 405w\" sizes=\"(max-width: 626px) 100vw, 626px\" \/><\/figure>\n<\/div>\n\n\n\n<div class=\"wp-block-column is-layout-flow wp-block-column-is-layout-flow\">\n<div style=\"height:77px\" aria-hidden=\"true\" class=\"wp-block-spacer\"><\/div>\n\n\n\n<p style=\"color:#003d99;text-align:center\" class=\"has-large-font-size\"><strong>3.<\/strong><\/p>\n\n\n\n<p style=\"font-size:18px;text-align:center\">El profesionalismo, la rapidez y la efectividad en nuestro servicio.<\/p>\n<\/div>\n<\/div>\n\n\n\n<div style=\"height:24px\" aria-hidden=\"true\" class=\"wp-block-spacer\"><\/div>\n\n\n\n<div class=\"wp-block-columns has-2-columns is-layout-flex wp-container-core-columns-is-layout-9d6595d7 wp-block-columns-is-layout-flex\">\n<div class=\"wp-block-column is-layout-flow wp-block-column-is-layout-flow\">\n<figure class=\"wp-block-image is-resized\"><img decoding=\"async\" src=\"http:\/\/grupoemilacabogados.com\/wp-content\/uploads\/2018\/09\/LAZOS-5.jpg\" alt=\"\" class=\"wp-image-310\" width=\"571\" srcset=\"http:\/\/grupoemilacabogados.com\/wp-content\/uploads\/2018\/09\/LAZOS-5.jpg 825w, http:\/\/grupoemilacabogados.com\/wp-content\/uploads\/2018\/09\/LAZOS-5-300x185.jpg 300w, http:\/\/grupoemilacabogados.com\/wp-content\/uploads\/2018\/09\/LAZOS-5-768x475.jpg 768w, http:\/\/grupoemilacabogados.com\/wp-content\/uploads\/2018\/09\/LAZOS-5-405x250.jpg 405w\" sizes=\"(max-width: 825px) 100vw, 825px\" \/><\/figure>\n<\/div>\n\n\n\n<div class=\"wp-block-column is-layout-flow wp-block-column-is-layout-flow\">\n<div style=\"height:76px\" aria-hidden=\"true\" class=\"wp-block-spacer\"><\/div>\n\n\n\n<p style=\"color:#003d99;text-align:center\" class=\"has-large-font-size\"><strong>4.<\/strong><\/p>\n\n\n\n<p style=\"font-size:18px;text-align:center\">El trato humano, con amabilidad, sencillez y respeto, a todas las personas con quienes nos relacionamos.<\/p>\n<\/div>\n<\/div>\n\n\n\n<div style=\"height:109px\" aria-hidden=\"true\" class=\"wp-block-spacer\"><\/div>\n\n\n\n<hr class=\"wp-block-separator\"\/>\n\n\n\n<div class=\"wp-block-columns has-5-columns is-layout-flex wp-container-core-columns-is-layout-9d6595d7 wp-block-columns-is-layout-flex\">\n<div class=\"wp-block-column is-layout-flow wp-block-column-is-layout-flow\">\n<p><\/p>\n<\/div>\n\n\n\n<div class=\"wp-block-column is-layout-flow wp-block-column-is-layout-flow\"><\/div>\n\n\n\n<div class=\"wp-block-column is-layout-flow wp-block-column-is-layout-flow\"><\/div>\n\n\n\n<div class=\"wp-block-column is-layout-flow wp-block-column-is-layout-flow\"><\/div>\n\n\n\n<div class=\"wp-block-column is-layout-flow wp-block-column-is-layout-flow\">\n<p style=\"font-size:18px\">\u00a0 \u00a0 \u00a0 \u00a0 <a href=\"http:\/\/grupoemilacabogados.com\/?page_id=10\"><strong>\u00a0Contacto<\/strong><\/a><\/p>\n\n\n\n<div class=\"wp-block-image\"><figure class=\"aligncenter\"><a href=\"http:\/\/grupoemilacabogados.com\/?page_id=10\"><img loading=\"lazy\" decoding=\"async\" width=\"150\" height=\"150\" src=\"http:\/\/grupoemilacabogados.com\/wp-content\/uploads\/2018\/10\/INICIO-150x150.jpg\" alt=\"\" class=\"wp-image-638\"\/><\/a><figcaption><a href=\"http:\/\/grupoemilacabogados.com\/?page_id=10\"><strong>Sus Abogados de Confianza<\/strong><\/a><\/figcaption><\/figure><\/div>\n<\/div>\n<\/div>\n","protected":false},"excerpt":{"rendered":"<p>\u00bfQu\u00e9 misi\u00f3n asumimos? Proteger y crear veh\u00edculos jur\u00eddicos para su patrimonio inmobiliario. Asegurar su tranquilidad en las relaciones comerciales. Facilitar la creaci\u00f3n y operaci\u00f3n de negocios que perduren en armon\u00eda, con seguridad jur\u00eddica para todos los involucrados. Proteger a las sociedades y asociaciones, y a sus accionistas o miembros, de &hellip;<\/p>\n","protected":false},"author":1,"featured_media":0,"parent":0,"menu_order":0,"comment_status":"closed","ping_status":"closed","template":"","meta":{"footnotes":""},"class_list":["post-166","page","type-page","status-publish","hentry"],"_links":{"self":[{"href":"http:\/\/grupoemilacabogados.com\/index.php?rest_route=\/wp\/v2\/pages\/166","targetHints":{"allow":["GET"]}}],"collection":[{"href":"http:\/\/grupoemilacabogados.com\/index.php?rest_route=\/wp\/v2\/pages"}],"about":[{"href":"http:\/\/grupoemilacabogados.com\/index.php?rest_route=\/wp\/v2\/types\/page"}],"author":[{"embeddable":true,"href":"http:\/\/grupoemilacabogados.com\/index.php?rest_route=\/wp\/v2\/users\/1"}],"replies":[{"embeddable":true,"href":"http:\/\/grupoemilacabogados.com\/index.php?rest_route=%2Fwp%2Fv2%2Fcomments&post=166"}],"version-history":[{"count":18,"href":"http:\/\/grupoemilacabogados.com\/index.php?rest_route=\/wp\/v2\/pages\/166\/revisions"}],"predecessor-version":[{"id":895,"href":"http:\/\/grupoemilacabogados.com\/index.php?rest_route=\/wp\/v2\/pages\/166\/revisions\/895"}],"wp:attachment":[{"href":"http:\/\/grupoemilacabogados.com\/index.php?rest_route=%2Fwp%2Fv2%2Fmedia&parent=166"}],"curies":[{"name":"wp","href":"https:\/\/api.w.org\/{rel}","templated":true}]}}