{"id":184,"date":"2018-09-12T18:38:51","date_gmt":"2018-09-12T18:38:51","guid":{"rendered":"http:\/\/grupoemilacabogados.com\/?page_id=184"},"modified":"2018-11-08T20:16:01","modified_gmt":"2018-11-08T20:16:01","slug":"en-que-somos-especialistas-2","status":"publish","type":"page","link":"http:\/\/grupoemilacabogados.com\/?page_id=184","title":{"rendered":"En que somos Especialistas"},"content":{"rendered":"\n<div style=\"height:46px\" aria-hidden=\"true\" class=\"wp-block-spacer\"><\/div>\n\n\n\n<h2 class=\"wp-block-heading\" style=\"text-align:center\">\u00bfEn qu\u00e9 somos especialistas?<\/h2>\n\n\n\n<hr class=\"wp-block-separator\"\/>\n\n\n\n<div style=\"height:47px\" aria-hidden=\"true\" class=\"wp-block-spacer\"><\/div>\n\n\n\n<div class=\"wp-block-columns has-3-columns is-layout-flex wp-container-core-columns-is-layout-9d6595d7 wp-block-columns-is-layout-flex\">\n<div class=\"wp-block-column is-layout-flow wp-block-column-is-layout-flow\">\n<figure class=\"wp-block-image\"><a href=\"http:\/\/grupoemilacabogados.com\/?attachment_id=193\"><img loading=\"lazy\" decoding=\"async\" width=\"500\" height=\"300\" src=\"http:\/\/grupoemilacabogados.com\/wp-content\/uploads\/2018\/09\/corintio-2.jpg\" alt=\"\" class=\"wp-image-399\" srcset=\"http:\/\/grupoemilacabogados.com\/wp-content\/uploads\/2018\/09\/corintio-2.jpg 500w, http:\/\/grupoemilacabogados.com\/wp-content\/uploads\/2018\/09\/corintio-2-300x180.jpg 300w, http:\/\/grupoemilacabogados.com\/wp-content\/uploads\/2018\/09\/corintio-2-405x243.jpg 405w\" sizes=\"auto, (max-width: 500px) 100vw, 500px\" \/><\/a><\/figure>\n\n\n\n<p style=\"color:#003d99;font-size:18px;text-align:center\"><strong>Negocios Inmobiliarios<\/strong><\/p>\n\n\n\n<p style=\"text-align:center\" class=\"has-regular-font-size\">Asesoramos, estructuramos y vigilamos jur\u00eddicamente a los negocios inmobiliarios, para soportar y facilitar su operaci\u00f3n y su \u00e9xito.<\/p>\n\n\n\n<div class=\"wp-block-button aligncenter is-style-outline is-style-outline--1\"><a class=\"wp-block-button__link has-text-color has-background has-vivid-cyan-blue-background-color\" href=\"http:\/\/grupoemilacabogados.com\/?page_id=193\" style=\"color:#003d99\"><font style=\"vertical-align: inherit;\"><font style=\"vertical-align: inherit;\">leer m\u00e1s&#8230;<\/font><\/font><\/a><\/div>\n<\/div>\n\n\n\n<div class=\"wp-block-column is-layout-flow wp-block-column-is-layout-flow\"><\/div>\n\n\n\n<div class=\"wp-block-column is-layout-flow wp-block-column-is-layout-flow\">\n<figure class=\"wp-block-image\"><a href=\"http:\/\/grupoemilacabogados.com\/?attachment_id=194\"><img loading=\"lazy\" decoding=\"async\" width=\"1599\" height=\"904\" src=\"http:\/\/grupoemilacabogados.com\/wp-content\/uploads\/2018\/09\/agro.jpg\" alt=\"\" class=\"wp-image-317\" srcset=\"http:\/\/grupoemilacabogados.com\/wp-content\/uploads\/2018\/09\/agro.jpg 1599w, http:\/\/grupoemilacabogados.com\/wp-content\/uploads\/2018\/09\/agro-300x170.jpg 300w, http:\/\/grupoemilacabogados.com\/wp-content\/uploads\/2018\/09\/agro-768x434.jpg 768w, http:\/\/grupoemilacabogados.com\/wp-content\/uploads\/2018\/09\/agro-1024x579.jpg 1024w, http:\/\/grupoemilacabogados.com\/wp-content\/uploads\/2018\/09\/agro-405x229.jpg 405w\" sizes=\"auto, (max-width: 1599px) 100vw, 1599px\" \/><\/a><\/figure>\n\n\n\n<p style=\"color:#003d99;font-size:18px;text-align:center\"><strong>Agronegocios<\/strong><strong><\/strong><\/p>\n\n\n\n<p style=\"text-align:center\" class=\"has-regular-font-size\">Asesoramos, estructuramos y vigilamos jur\u00eddicamente a los negocios relacionados con la producci\u00f3n, distribuci\u00f3n y comercializaci\u00f3n de granos y semillas y otros productos del campo.<\/p>\n\n\n\n<div class=\"wp-block-button aligncenter is-style-outline is-style-outline--2\"><a class=\"wp-block-button__link has-text-color has-background has-vivid-cyan-blue-background-color\" href=\"http:\/\/grupoemilacabogados.com\/?page_id=194\" style=\"color:#003d99\"><font style=\"vertical-align: inherit;\"><font style=\"vertical-align: inherit;\">leer m\u00e1s&#8230;<\/font><\/font><\/a><\/div>\n<\/div>\n<\/div>\n\n\n\n<div style=\"height:61px\" aria-hidden=\"true\" class=\"wp-block-spacer\"><\/div>\n\n\n\n<div class=\"wp-block-columns has-3-columns is-layout-flex wp-container-core-columns-is-layout-9d6595d7 wp-block-columns-is-layout-flex\">\n<div class=\"wp-block-column is-layout-flow wp-block-column-is-layout-flow\">\n<div class=\"wp-block-image\"><figure class=\"aligncenter\"><a href=\"http:\/\/grupoemilacabogados.com\/?attachment_id=195\"><img loading=\"lazy\" decoding=\"async\" width=\"450\" height=\"244\" src=\"http:\/\/grupoemilacabogados.com\/wp-content\/uploads\/2018\/09\/contratooo.jpg\" alt=\"\" class=\"wp-image-322\" srcset=\"http:\/\/grupoemilacabogados.com\/wp-content\/uploads\/2018\/09\/contratooo.jpg 450w, http:\/\/grupoemilacabogados.com\/wp-content\/uploads\/2018\/09\/contratooo-300x163.jpg 300w, http:\/\/grupoemilacabogados.com\/wp-content\/uploads\/2018\/09\/contratooo-405x220.jpg 405w\" sizes=\"auto, (max-width: 450px) 100vw, 450px\" \/><\/a><\/figure><\/div>\n\n\n\n<p style=\"color:#003d99;font-size:18px;text-align:center\"><strong><font style=\"vertical-align: inherit;\"><font style=\"vertical-align: inherit;\">Asuntos Mercantiles y Negocios en General<\/font><\/font><\/strong><\/p>\n\n\n\n<div class=\"wp-block-button aligncenter is-style-outline is-style-outline--3\"><a class=\"wp-block-button__link has-text-color has-background has-vivid-cyan-blue-background-color\" href=\"http:\/\/grupoemilacabogados.com\/?page_id=195\" style=\"color:#003d99\"><font style=\"vertical-align: inherit;\"><font style=\"vertical-align: inherit;\">leer m\u00e1s&#8230;<\/font><\/font><\/a><\/div>\n\n\n\n<p><\/p>\n<\/div>\n\n\n\n<div class=\"wp-block-column is-layout-flow wp-block-column-is-layout-flow\"><\/div>\n\n\n\n<div class=\"wp-block-column is-layout-flow wp-block-column-is-layout-flow\">\n<div class=\"wp-block-image\"><figure class=\"aligncenter\"><a href=\"http:\/\/grupoemilacabogados.com\/?attachment_id=196\"><img loading=\"lazy\" decoding=\"async\" width=\"674\" height=\"359\" src=\"http:\/\/grupoemilacabogados.com\/wp-content\/uploads\/2018\/09\/servimos-asociaciones.jpg\" alt=\"\" class=\"wp-image-325\" srcset=\"http:\/\/grupoemilacabogados.com\/wp-content\/uploads\/2018\/09\/servimos-asociaciones.jpg 674w, http:\/\/grupoemilacabogados.com\/wp-content\/uploads\/2018\/09\/servimos-asociaciones-300x160.jpg 300w, http:\/\/grupoemilacabogados.com\/wp-content\/uploads\/2018\/09\/servimos-asociaciones-405x216.jpg 405w\" sizes=\"auto, (max-width: 674px) 100vw, 674px\" \/><\/a><\/figure><\/div>\n\n\n\n<p style=\"color:#003d99;font-size:18px;text-align:center\"><strong><span style=\"vertical-align: inherit;\"><span style=\"vertical-align: inherit;\">Derecho Corporativo<\/span><\/span><\/strong><\/p>\n\n\n\n<div class=\"wp-block-button aligncenter is-style-outline is-style-outline--4\"><a class=\"wp-block-button__link has-text-color has-background has-vivid-cyan-blue-background-color\" href=\"http:\/\/grupoemilacabogados.com\/?page_id=196\" style=\"color:#003d99\"><font style=\"vertical-align: inherit;\"><font style=\"vertical-align: inherit;\">leer m\u00e1s&#8230;<\/font><\/font><\/a><\/div>\n<\/div>\n<\/div>\n\n\n\n<div style=\"height:69px\" aria-hidden=\"true\" class=\"wp-block-spacer\"><\/div>\n\n\n\n<div class=\"wp-block-columns has-3-columns is-layout-flex wp-container-core-columns-is-layout-9d6595d7 wp-block-columns-is-layout-flex\">\n<div class=\"wp-block-column is-layout-flow wp-block-column-is-layout-flow\">\n<div class=\"wp-block-image\"><figure class=\"aligncenter\"><a href=\"http:\/\/grupoemilacabogados.com\/?attachment_id=197\"><img loading=\"lazy\" decoding=\"async\" width=\"499\" height=\"265\" src=\"http:\/\/grupoemilacabogados.com\/wp-content\/uploads\/2018\/09\/firma-laboral.jpg\" alt=\"\" class=\"wp-image-326\" srcset=\"http:\/\/grupoemilacabogados.com\/wp-content\/uploads\/2018\/09\/firma-laboral.jpg 499w, http:\/\/grupoemilacabogados.com\/wp-content\/uploads\/2018\/09\/firma-laboral-300x159.jpg 300w, http:\/\/grupoemilacabogados.com\/wp-content\/uploads\/2018\/09\/firma-laboral-405x215.jpg 405w\" sizes=\"auto, (max-width: 499px) 100vw, 499px\" \/><\/a><\/figure><\/div>\n\n\n\n<p style=\"color:#003d99;font-size:18px;text-align:center\"><strong><span style=\"vertical-align: inherit;\"><span style=\"vertical-align: inherit;\">Asuntos Laborales<\/span><\/span><\/strong><\/p>\n\n\n\n<div class=\"wp-block-button aligncenter is-style-outline is-style-outline--5\"><a class=\"wp-block-button__link has-text-color has-background has-vivid-cyan-blue-background-color\" href=\"http:\/\/grupoemilacabogados.com\/?page_id=197\" style=\"color:#003d99\"><font style=\"vertical-align: inherit;\"><font style=\"vertical-align: inherit;\">leer m\u00e1s&#8230;<\/font><\/font><\/a><\/div>\n\n\n\n<p><\/p>\n<\/div>\n\n\n\n<div class=\"wp-block-column is-layout-flow wp-block-column-is-layout-flow\"><\/div>\n\n\n\n<div class=\"wp-block-column is-layout-flow wp-block-column-is-layout-flow\">\n<div class=\"wp-block-image\"><figure class=\"aligncenter\"><a href=\"http:\/\/grupoemilacabogados.com\/?attachment_id=216\"><img loading=\"lazy\" decoding=\"async\" width=\"626\" height=\"323\" src=\"http:\/\/grupoemilacabogados.com\/wp-content\/uploads\/2018\/09\/monetarios.jpg\" alt=\"\" class=\"wp-image-328\" srcset=\"http:\/\/grupoemilacabogados.com\/wp-content\/uploads\/2018\/09\/monetarios.jpg 626w, http:\/\/grupoemilacabogados.com\/wp-content\/uploads\/2018\/09\/monetarios-300x155.jpg 300w, http:\/\/grupoemilacabogados.com\/wp-content\/uploads\/2018\/09\/monetarios-405x209.jpg 405w\" sizes=\"auto, (max-width: 626px) 100vw, 626px\" \/><\/a><\/figure><\/div>\n\n\n\n<p style=\"color:#003d99;font-size:18px;text-align:center\"><strong><span style=\"vertical-align: inherit;\"><span style=\"vertical-align: inherit;\">Asuntos Financieros y Bancarios<\/span><\/span><\/strong><\/p>\n\n\n\n<div class=\"wp-block-button aligncenter is-style-outline is-style-outline--6\"><a class=\"wp-block-button__link has-text-color has-background has-vivid-cyan-blue-background-color\" href=\"http:\/\/grupoemilacabogados.com\/?page_id=198\" style=\"color:#003d99\"><font style=\"vertical-align: inherit;\"><font style=\"vertical-align: inherit;\">leer m\u00e1s&#8230;<\/font><\/font><\/a><\/div>\n<\/div>\n<\/div>\n\n\n\n<div style=\"height:128px\" aria-hidden=\"true\" class=\"wp-block-spacer\"><\/div>\n\n\n\n<hr class=\"wp-block-separator\"\/>\n\n\n\n<div class=\"wp-block-columns has-5-columns is-layout-flex wp-container-core-columns-is-layout-9d6595d7 wp-block-columns-is-layout-flex\">\n<div class=\"wp-block-column is-layout-flow wp-block-column-is-layout-flow\">\n<p><\/p>\n<\/div>\n\n\n\n<div class=\"wp-block-column is-layout-flow wp-block-column-is-layout-flow\"><\/div>\n\n\n\n<div class=\"wp-block-column is-layout-flow wp-block-column-is-layout-flow\"><\/div>\n\n\n\n<div class=\"wp-block-column is-layout-flow wp-block-column-is-layout-flow\"><\/div>\n\n\n\n<div class=\"wp-block-column is-layout-flow wp-block-column-is-layout-flow\">\n<p style=\"color:#092d70;font-size:18px\"><strong>\u00a0 \u00a0 \u00a0 \u00a0 \u00a0Contacto<\/strong><\/p>\n\n\n\n<div class=\"wp-block-image\"><figure class=\"aligncenter\"><a href=\"http:\/\/grupoemilacabogados.com\/?page_id=10\"><img loading=\"lazy\" decoding=\"async\" width=\"150\" height=\"150\" src=\"http:\/\/grupoemilacabogados.com\/wp-content\/uploads\/2018\/10\/INICIO-150x150.jpg\" alt=\"\" class=\"wp-image-638\"\/><\/a><figcaption><strong><a href=\"http:\/\/grupoemilacabogados.com\/?page_id=10\">Sus Abogados de Confianza<\/a><\/strong><\/figcaption><\/figure><\/div>\n<\/div>\n<\/div>\n","protected":false},"excerpt":{"rendered":"<p>\u00bfEn qu\u00e9 somos especialistas? Negocios Inmobiliarios Asesoramos, estructuramos y vigilamos jur\u00eddicamente a los negocios inmobiliarios, para soportar y facilitar su operaci\u00f3n y su \u00e9xito. Agronegocios Asesoramos, estructuramos y vigilamos jur\u00eddicamente a los negocios relacionados con la producci\u00f3n, distribuci\u00f3n y comercializaci\u00f3n de granos y semillas y otros productos del campo. Asuntos &hellip;<\/p>\n","protected":false},"author":1,"featured_media":0,"parent":0,"menu_order":0,"comment_status":"closed","ping_status":"closed","template":"","meta":{"footnotes":""},"class_list":["post-184","page","type-page","status-publish","hentry"],"_links":{"self":[{"href":"http:\/\/grupoemilacabogados.com\/index.php?rest_route=\/wp\/v2\/pages\/184","targetHints":{"allow":["GET"]}}],"collection":[{"href":"http:\/\/grupoemilacabogados.com\/index.php?rest_route=\/wp\/v2\/pages"}],"about":[{"href":"http:\/\/grupoemilacabogados.com\/index.php?rest_route=\/wp\/v2\/types\/page"}],"author":[{"embeddable":true,"href":"http:\/\/grupoemilacabogados.com\/index.php?rest_route=\/wp\/v2\/users\/1"}],"replies":[{"embeddable":true,"href":"http:\/\/grupoemilacabogados.com\/index.php?rest_route=%2Fwp%2Fv2%2Fcomments&post=184"}],"version-history":[{"count":24,"href":"http:\/\/grupoemilacabogados.com\/index.php?rest_route=\/wp\/v2\/pages\/184\/revisions"}],"predecessor-version":[{"id":827,"href":"http:\/\/grupoemilacabogados.com\/index.php?rest_route=\/wp\/v2\/pages\/184\/revisions\/827"}],"wp:attachment":[{"href":"http:\/\/grupoemilacabogados.com\/index.php?rest_route=%2Fwp%2Fv2%2Fmedia&parent=184"}],"curies":[{"name":"wp","href":"https:\/\/api.w.org\/{rel}","templated":true}]}}