{"id":185,"date":"2018-09-12T18:38:51","date_gmt":"2018-09-12T18:38:51","guid":{"rendered":"http:\/\/grupoemilacabogados.com\/?page_id=185"},"modified":"2018-11-12T14:44:38","modified_gmt":"2018-11-12T14:44:38","slug":"testimonios","status":"publish","type":"page","link":"http:\/\/grupoemilacabogados.com\/?page_id=185","title":{"rendered":"Nuestros Clientes"},"content":{"rendered":"\n<h2 class=\"wp-block-heading\" style=\"text-align:left\">Algunos de nuestros clientes<\/h2>\n\n\n\n<div style=\"height:54px\" aria-hidden=\"true\" class=\"wp-block-spacer\"><\/div>\n\n\n\n<div class=\"wp-block-columns has-3-columns is-layout-flex wp-container-core-columns-is-layout-9d6595d7 wp-block-columns-is-layout-flex\">\n<div class=\"wp-block-column is-layout-flow wp-block-column-is-layout-flow\">\n<p><\/p>\n<\/div>\n\n\n\n<div class=\"wp-block-column is-layout-flow wp-block-column-is-layout-flow\">\n<ul class=\"wp-block-list\"><li>Grupo Corintio.<\/li><li>Grupo Pericoapa.<\/li><li>Javter Dise\u00f1o.<\/li><li>Desarrolladora E-Hogar.<\/li><li>Casas Lo-Max.<\/li><\/ul>\n<\/div>\n\n\n\n<div class=\"wp-block-column is-layout-flow wp-block-column-is-layout-flow\">\n<ul class=\"wp-block-list\"><li>Wall-E Homes.<\/li><li>Castor Produkte.<\/li><li>Biofields.<\/li><li>Castor Fields.<\/li><li>Inmobiliaria Du.<\/li><\/ul>\n<\/div>\n<\/div>\n\n\n\n<div style=\"height:58px\" aria-hidden=\"true\" class=\"wp-block-spacer\"><\/div>\n\n\n\n<div class=\"wp-block-columns has-3-columns is-layout-flex wp-container-core-columns-is-layout-9d6595d7 wp-block-columns-is-layout-flex\">\n<div class=\"wp-block-column is-layout-flow wp-block-column-is-layout-flow\">\n<p><\/p>\n<\/div>\n\n\n\n<div class=\"wp-block-column is-layout-flow wp-block-column-is-layout-flow\">\n<ul class=\"wp-block-list\"><li>Impulsora Agr\u00edcola.<\/li><li>Gr\u00e1ficos Gamma.<\/li><li>Fundaci\u00f3n Mary Street Jenkins.<\/li><li>Instalaciones Electromec\u00e1nicas Jabo.<\/li><li>Neways De M\u00e9xico.<\/li><\/ul>\n<\/div>\n\n\n\n<div class=\"wp-block-column is-layout-flow wp-block-column-is-layout-flow\">\n<ul class=\"wp-block-list\"><li>Johns Manville Industrial.<\/li><li>Forever Green De M\u00e9xico.<\/li><li>Buena Vista Columbia Tristar Films De M\u00e9xico.<\/li><li>Eventos N\u00e1uticos.<\/li><li>Neurocolumna.<\/li><\/ul>\n<\/div>\n<\/div>\n\n\n\n<div style=\"height:55px\" aria-hidden=\"true\" class=\"wp-block-spacer\"><\/div>\n\n\n\n<div class=\"wp-block-columns has-3-columns is-layout-flex wp-container-core-columns-is-layout-9d6595d7 wp-block-columns-is-layout-flex\">\n<div class=\"wp-block-column is-layout-flow wp-block-column-is-layout-flow\">\n<p><\/p>\n<\/div>\n\n\n\n<div class=\"wp-block-column is-layout-flow wp-block-column-is-layout-flow\">\n<ul class=\"wp-block-list\"><li>Produmed.<\/li><li>Suministro Para Uso M\u00e9dico Y Hospitalario.<\/li><li>Uni\u00f3n Presforzadora.<\/li><li>Comisi\u00f3n Nacional Bancaria y de Valores.<\/li><li>P&amp;F Mexicana, (Philips).<\/li><li>Mastache Btl Consultant. <\/li><\/ul>\n<\/div>\n\n\n\n<div class=\"wp-block-column is-layout-flow wp-block-column-is-layout-flow\">\n<ul class=\"wp-block-list\"><li>Exclusivas Benet<\/li><li>Distribuidora Bonvi.<\/li><li>Inmobiliaria Feramar.<\/li><li>Meckel.<\/li><li>Iberri Marketing. <\/li><\/ul>\n\n\n\n<p><\/p>\n<\/div>\n<\/div>\n\n\n\n<div style=\"height:33px\" aria-hidden=\"true\" class=\"wp-block-spacer\"><\/div>\n\n\n\n<div class=\"wp-block-button aligncenter\"><a class=\"wp-block-button__link has-background has-pale-cyan-blue-background-color\" href=\"http:\/\/grupoemilacabogados.com\/?page_id=361\">Testimonios<\/a><\/div>\n\n\n\n<div style=\"height:20px\" aria-hidden=\"true\" class=\"wp-block-spacer\"><\/div>\n\n\n\n<hr class=\"wp-block-separator\"\/>\n\n\n\n<div class=\"wp-block-columns has-5-columns is-layout-flex wp-container-core-columns-is-layout-9d6595d7 wp-block-columns-is-layout-flex\">\n<div class=\"wp-block-column is-layout-flow wp-block-column-is-layout-flow\">\n<p><\/p>\n<\/div>\n\n\n\n<div class=\"wp-block-column is-layout-flow wp-block-column-is-layout-flow\"><\/div>\n\n\n\n<div class=\"wp-block-column is-layout-flow wp-block-column-is-layout-flow\"><\/div>\n\n\n\n<div class=\"wp-block-column is-layout-flow wp-block-column-is-layout-flow\"><\/div>\n\n\n\n<div class=\"wp-block-column is-layout-flow wp-block-column-is-layout-flow\">\n<p><a href=\"http:\/\/grupoemilacabogados.com\/?page_id=10\"><strong>\u00a0 \u00a0 \u00a0 \u00a0 \u00a0 \u00a0 Contacto<\/strong><\/a><\/p>\n\n\n\n<div class=\"wp-block-image\"><figure class=\"aligncenter\"><a href=\"http:\/\/grupoemilacabogados.com\/?page_id=10\"><img loading=\"lazy\" decoding=\"async\" width=\"150\" height=\"150\" src=\"http:\/\/grupoemilacabogados.com\/wp-content\/uploads\/2018\/10\/INICIO-150x150.jpg\" alt=\"\" class=\"wp-image-638\"\/><\/a><figcaption><a href=\"http:\/\/grupoemilacabogados.com\/?page_id=10\"><strong>Sus Abogados de Confianza<\/strong><\/a><\/figcaption><\/figure><\/div>\n<\/div>\n<\/div>\n","protected":false},"excerpt":{"rendered":"<p>Algunos de nuestros clientes Grupo Corintio. Grupo Pericoapa. Javter Dise\u00f1o. Desarrolladora E-Hogar. Casas Lo-Max. Wall-E Homes. Castor Produkte. Biofields. Castor Fields. Inmobiliaria Du. Impulsora Agr\u00edcola. Gr\u00e1ficos Gamma. Fundaci\u00f3n Mary Street Jenkins. Instalaciones Electromec\u00e1nicas Jabo. Neways De M\u00e9xico. Johns Manville Industrial. Forever Green De M\u00e9xico. Buena Vista Columbia Tristar Films De &hellip;<\/p>\n","protected":false},"author":1,"featured_media":0,"parent":0,"menu_order":0,"comment_status":"closed","ping_status":"closed","template":"","meta":{"footnotes":""},"class_list":["post-185","page","type-page","status-publish","hentry"],"_links":{"self":[{"href":"http:\/\/grupoemilacabogados.com\/index.php?rest_route=\/wp\/v2\/pages\/185","targetHints":{"allow":["GET"]}}],"collection":[{"href":"http:\/\/grupoemilacabogados.com\/index.php?rest_route=\/wp\/v2\/pages"}],"about":[{"href":"http:\/\/grupoemilacabogados.com\/index.php?rest_route=\/wp\/v2\/types\/page"}],"author":[{"embeddable":true,"href":"http:\/\/grupoemilacabogados.com\/index.php?rest_route=\/wp\/v2\/users\/1"}],"replies":[{"embeddable":true,"href":"http:\/\/grupoemilacabogados.com\/index.php?rest_route=%2Fwp%2Fv2%2Fcomments&post=185"}],"version-history":[{"count":14,"href":"http:\/\/grupoemilacabogados.com\/index.php?rest_route=\/wp\/v2\/pages\/185\/revisions"}],"predecessor-version":[{"id":879,"href":"http:\/\/grupoemilacabogados.com\/index.php?rest_route=\/wp\/v2\/pages\/185\/revisions\/879"}],"wp:attachment":[{"href":"http:\/\/grupoemilacabogados.com\/index.php?rest_route=%2Fwp%2Fv2%2Fmedia&parent=185"}],"curies":[{"name":"wp","href":"https:\/\/api.w.org\/{rel}","templated":true}]}}