{"id":194,"date":"2018-09-12T18:44:50","date_gmt":"2018-09-12T18:44:50","guid":{"rendered":"http:\/\/grupoemilacabogados.com\/?page_id=194"},"modified":"2018-11-09T20:55:33","modified_gmt":"2018-11-09T20:55:33","slug":"agronegocios","status":"publish","type":"page","link":"http:\/\/grupoemilacabogados.com\/?page_id=194","title":{"rendered":"Agronegocios"},"content":{"rendered":"\r\n<h2 class=\"wp-block-heading\" style=\"text-align: center;\">Agronegocios<\/h2>\r\n\r\n\r\n\r\n<div class=\"wp-block-spacer\" style=\"height: 34px;\" aria-hidden=\"true\">\u00a0<\/div>\r\n\r\n\r\n\r\n<p style=\"font-size: 22px; text-align: center;\">Asesoramos, estructuramos y vigilamos jur\u00eddicamente a los negocios relacionados con la producci\u00f3n,<br \/>distribuci\u00f3n y comercializaci\u00f3n de granos y semillas y otros productos del campo.<\/p>\r\n\r\n\r\n\r\n<div class=\"wp-block-spacer\" style=\"height: 20px;\" aria-hidden=\"true\">\u00a0<\/div>\r\n\r\n\r\n\r\n<div class=\"wp-block-columns has-3-columns is-layout-flex wp-container-core-columns-is-layout-9d6595d7 wp-block-columns-is-layout-flex\">\r\n<div class=\"wp-block-column is-layout-flow wp-block-column-is-layout-flow\">\r\n<figure class=\"wp-block-image\"><img loading=\"lazy\" decoding=\"async\" width=\"300\" height=\"170\" class=\"wp-image-317\" src=\"http:\/\/grupoemilacabogados.com\/wp-content\/uploads\/2018\/09\/agro-300x170.jpg\" alt=\"\" srcset=\"http:\/\/grupoemilacabogados.com\/wp-content\/uploads\/2018\/09\/agro-300x170.jpg 300w, http:\/\/grupoemilacabogados.com\/wp-content\/uploads\/2018\/09\/agro-768x434.jpg 768w, http:\/\/grupoemilacabogados.com\/wp-content\/uploads\/2018\/09\/agro-1024x579.jpg 1024w, http:\/\/grupoemilacabogados.com\/wp-content\/uploads\/2018\/09\/agro-405x229.jpg 405w, http:\/\/grupoemilacabogados.com\/wp-content\/uploads\/2018\/09\/agro.jpg 1599w\" sizes=\"auto, (max-width: 300px) 100vw, 300px\" \/><\/figure>\r\n<\/div>\r\n\r\n\r\n\r\n<div class=\"wp-block-column is-layout-flow wp-block-column-is-layout-flow\">\r\n<figure class=\"wp-block-image\"><img loading=\"lazy\" decoding=\"async\" width=\"300\" height=\"185\" class=\"wp-image-397\" src=\"http:\/\/grupoemilacabogados.com\/wp-content\/uploads\/2018\/09\/ejidos-300x185.jpg\" alt=\"\" srcset=\"http:\/\/grupoemilacabogados.com\/wp-content\/uploads\/2018\/09\/ejidos-300x185.jpg 300w, http:\/\/grupoemilacabogados.com\/wp-content\/uploads\/2018\/09\/ejidos.jpg 400w\" sizes=\"auto, (max-width: 300px) 100vw, 300px\" \/><\/figure>\r\n<\/div>\r\n\r\n\r\n\r\n<div class=\"wp-block-column is-layout-flow wp-block-column-is-layout-flow\">\r\n<figure class=\"wp-block-image\"><img loading=\"lazy\" decoding=\"async\" width=\"300\" height=\"189\" class=\"wp-image-404\" src=\"http:\/\/grupoemilacabogados.com\/wp-content\/uploads\/2018\/09\/agro09-300x189.jpg\" alt=\"\" srcset=\"http:\/\/grupoemilacabogados.com\/wp-content\/uploads\/2018\/09\/agro09-300x189.jpg 300w, http:\/\/grupoemilacabogados.com\/wp-content\/uploads\/2018\/09\/agro09-405x255.jpg 405w, http:\/\/grupoemilacabogados.com\/wp-content\/uploads\/2018\/09\/agro09.jpg 586w\" sizes=\"auto, (max-width: 300px) 100vw, 300px\" \/><\/figure>\r\n<\/div>\r\n<\/div>\r\n\r\n\r\n\r\n<div class=\"wp-block-spacer\" style=\"height: 100px;\" aria-hidden=\"true\">\u00a0<\/div>\r\n\r\n\r\n\r\n<p><img loading=\"lazy\" decoding=\"async\" class=\"wp-image-861 aligncenter\" src=\"http:\/\/grupoemilacabogados.com\/wp-content\/uploads\/2018\/11\/agrotex-300x217.jpg\" alt=\"\" width=\"705\" height=\"510\" srcset=\"http:\/\/grupoemilacabogados.com\/wp-content\/uploads\/2018\/11\/agrotex-300x217.jpg 300w, http:\/\/grupoemilacabogados.com\/wp-content\/uploads\/2018\/11\/agrotex-768x556.jpg 768w, http:\/\/grupoemilacabogados.com\/wp-content\/uploads\/2018\/11\/agrotex-1024x741.jpg 1024w, http:\/\/grupoemilacabogados.com\/wp-content\/uploads\/2018\/11\/agrotex-405x293.jpg 405w\" sizes=\"auto, (max-width: 705px) 100vw, 705px\" \/><\/p>\r\n\r\n\r\n\r\n<div class=\"wp-block-spacer\" style=\"height: 100px;\" aria-hidden=\"true\">\u00a0<\/div>\r\n\r\n\r\n\r\n<div class=\"wp-block-image\">\r\n<figure class=\"aligncenter\"><img decoding=\"async\" class=\"wp-image-839\" src=\"http:\/\/grupoemilacabogados.com\/wp-content\/uploads\/2018\/11\/agrotex-300x229.jpg\" alt=\"\" \/><\/figure>\r\n<\/div>\r\n\r\n\r\n\r\n<div class=\"wp-block-image\">\r\n<figure class=\"aligncenter\"><img decoding=\"async\" class=\"wp-image-714\" src=\"http:\/\/grupoemilacabogados.com\/wp-content\/uploads\/2018\/11\/agrotex-300x201.jpg\" alt=\"\" \/><\/figure>\r\n<\/div>\r\n\r\n\r\n\r\n<div class=\"wp-block-columns has-7-columns is-layout-flex wp-container-core-columns-is-layout-9d6595d7 wp-block-columns-is-layout-flex\">\r\n<div class=\"wp-block-column is-layout-flow wp-block-column-is-layout-flow\">\r\n<p>&nbsp;<\/p>\r\n<\/div>\r\n\r\n\r\n\r\n<div class=\"wp-block-column is-layout-flow wp-block-column-is-layout-flow\">\r\n<div class=\"wp-block-image\">\r\n<figure class=\"aligncenter\"><a href=\"http:\/\/grupoemilacabogados.com\/?attachment_id=195\"><img loading=\"lazy\" decoding=\"async\" width=\"150\" height=\"150\" class=\"wp-image-399\" src=\"http:\/\/grupoemilacabogados.com\/wp-content\/uploads\/2018\/09\/corintio-2-150x150.jpg\" alt=\"\" \/><\/a><\/figure>\r\n<\/div>\r\n\r\n\r\n\r\n<p style=\"color: #092d70;\"><strong><a href=\"http:\/\/grupoemilacabogados.com\/?page_id=193\">Negocios Inmobiliarios<\/a><\/strong><\/p>\r\n<\/div>\r\n\r\n\r\n\r\n<div class=\"wp-block-column is-layout-flow wp-block-column-is-layout-flow\">\r\n<div class=\"wp-block-image\">\r\n<figure class=\"aligncenter\"><a href=\"http:\/\/grupoemilacabogados.com\/?attachment_id=195\"><img loading=\"lazy\" decoding=\"async\" width=\"150\" height=\"150\" class=\"wp-image-322\" src=\"http:\/\/grupoemilacabogados.com\/wp-content\/uploads\/2018\/09\/contratooo-150x150.jpg\" alt=\"\" \/><\/a><\/figure>\r\n<\/div>\r\n\r\n\r\n\r\n<p style=\"color: #092d70;\"><strong><a href=\"http:\/\/grupoemilacabogados.com\/?page_id=195\">Asuntos Mercantiles y Negocios en General<\/a><\/strong><\/p>\r\n<\/div>\r\n\r\n\r\n\r\n<div class=\"wp-block-column is-layout-flow wp-block-column-is-layout-flow\">\r\n<div class=\"wp-block-image\">\r\n<figure class=\"aligncenter\"><a href=\"http:\/\/grupoemilacabogados.com\/?attachment_id=196\"><img loading=\"lazy\" decoding=\"async\" width=\"150\" height=\"150\" class=\"wp-image-323\" src=\"http:\/\/grupoemilacabogados.com\/wp-content\/uploads\/2018\/09\/asociaciones-1-150x150.jpg\" alt=\"\" \/><\/a><\/figure>\r\n<\/div>\r\n\r\n\r\n\r\n<p style=\"color: #092d70;\"><strong><a href=\"http:\/\/grupoemilacabogados.com\/?page_id=196\">Derecho Corporativo<\/a><\/strong><\/p>\r\n\r\n\r\n\r\n<p>&nbsp;<\/p>\r\n<\/div>\r\n\r\n\r\n\r\n<div class=\"wp-block-column is-layout-flow wp-block-column-is-layout-flow\">\r\n<div class=\"wp-block-image\">\r\n<figure class=\"aligncenter\"><a href=\"http:\/\/grupoemilacabogados.com\/?attachment_id=197\"><img loading=\"lazy\" decoding=\"async\" width=\"150\" height=\"150\" class=\"wp-image-548\" src=\"http:\/\/grupoemilacabogados.com\/wp-content\/uploads\/2018\/10\/firma-laboral-1-150x150.jpg\" alt=\"\" \/><\/a><\/figure>\r\n<\/div>\r\n\r\n\r\n\r\n<p style=\"color: #092d70;\"><strong><a href=\"http:\/\/grupoemilacabogados.com\/?page_id=197\">Asuntos Laborales<\/a><\/strong><\/p>\r\n<\/div>\r\n\r\n\r\n\r\n<div class=\"wp-block-column is-layout-flow wp-block-column-is-layout-flow\">\r\n<div class=\"wp-block-image\">\r\n<figure class=\"aligncenter\"><a href=\"http:\/\/grupoemilacabogados.com\/?attachment_id=216\"><img loading=\"lazy\" decoding=\"async\" width=\"150\" height=\"150\" class=\"wp-image-328\" src=\"http:\/\/grupoemilacabogados.com\/wp-content\/uploads\/2018\/09\/monetarios-150x150.jpg\" alt=\"\" \/><\/a><\/figure>\r\n<\/div>\r\n\r\n\r\n\r\n<p style=\"color: #092d70;\"><strong><a href=\"http:\/\/grupoemilacabogados.com\/?page_id=216\">Asuntos Financieros y Bancarios<\/a><\/strong><\/p>\r\n<\/div>\r\n\r\n\r\n\r\n<div class=\"wp-block-column is-layout-flow wp-block-column-is-layout-flow\">\u00a0<\/div>\r\n<\/div>\r\n\r\n\r\n\r\n<div class=\"wp-block-spacer\" style=\"height: 100px;\" aria-hidden=\"true\">\u00a0<\/div>\r\n\r\n\r\n<hr class=\"wp-block-separator\" \/>\r\n\r\n\r\n<div class=\"wp-block-columns has-5-columns is-layout-flex wp-container-core-columns-is-layout-9d6595d7 wp-block-columns-is-layout-flex\">\r\n<div class=\"wp-block-column is-layout-flow wp-block-column-is-layout-flow\">\r\n<p>&nbsp;<\/p>\r\n<\/div>\r\n\r\n\r\n\r\n<div class=\"wp-block-column is-layout-flow wp-block-column-is-layout-flow\">\u00a0<\/div>\r\n\r\n\r\n\r\n<div class=\"wp-block-column is-layout-flow wp-block-column-is-layout-flow\">\u00a0<\/div>\r\n\r\n\r\n\r\n<div class=\"wp-block-column is-layout-flow wp-block-column-is-layout-flow\">\u00a0<\/div>\r\n\r\n\r\n\r\n<div class=\"wp-block-column is-layout-flow wp-block-column-is-layout-flow\">\r\n<p>\u00a0 \u00a0 \u00a0 \u00a0 \u00a0<a href=\"http:\/\/grupoemilacabogados.com\/?page_id=10\"><strong>Contacto<\/strong><\/a><\/p>\r\n\r\n\r\n\r\n<div class=\"wp-block-image\">\r\n<figure class=\"aligncenter\"><a href=\"http:\/\/grupoemilacabogados.com\/?page_id=10\"><img loading=\"lazy\" decoding=\"async\" width=\"150\" height=\"150\" class=\"wp-image-638\" src=\"http:\/\/grupoemilacabogados.com\/wp-content\/uploads\/2018\/10\/INICIO-150x150.jpg\" alt=\"\" \/><\/a>\r\n<figcaption><strong><a href=\"http:\/\/grupoemilacabogados.com\/?page_id=10\">Sus Abogados de Confianza<\/a><\/strong><\/figcaption>\r\n<\/figure>\r\n<\/div>\r\n<\/div>\r\n<\/div>\r\n","protected":false},"excerpt":{"rendered":"<p>Agronegocios Asesoramos, estructuramos y vigilamos jur\u00eddicamente a los negocios relacionados con la producci\u00f3n,distribuci\u00f3n y comercializaci\u00f3n de granos y semillas y otros productos del campo. &nbsp; Negocios Inmobiliarios Asuntos Mercantiles y Negocios en General Derecho Corporativo &nbsp; Asuntos Laborales Asuntos Financieros y Bancarios \u00a0 &nbsp; \u00a0 \u00a0 \u00a0 \u00a0 \u00a0 \u00a0 &hellip;<\/p>\n","protected":false},"author":1,"featured_media":0,"parent":0,"menu_order":0,"comment_status":"closed","ping_status":"closed","template":"","meta":{"footnotes":""},"class_list":["post-194","page","type-page","status-publish","hentry"],"_links":{"self":[{"href":"http:\/\/grupoemilacabogados.com\/index.php?rest_route=\/wp\/v2\/pages\/194","targetHints":{"allow":["GET"]}}],"collection":[{"href":"http:\/\/grupoemilacabogados.com\/index.php?rest_route=\/wp\/v2\/pages"}],"about":[{"href":"http:\/\/grupoemilacabogados.com\/index.php?rest_route=\/wp\/v2\/types\/page"}],"author":[{"embeddable":true,"href":"http:\/\/grupoemilacabogados.com\/index.php?rest_route=\/wp\/v2\/users\/1"}],"replies":[{"embeddable":true,"href":"http:\/\/grupoemilacabogados.com\/index.php?rest_route=%2Fwp%2Fv2%2Fcomments&post=194"}],"version-history":[{"count":21,"href":"http:\/\/grupoemilacabogados.com\/index.php?rest_route=\/wp\/v2\/pages\/194\/revisions"}],"predecessor-version":[{"id":880,"href":"http:\/\/grupoemilacabogados.com\/index.php?rest_route=\/wp\/v2\/pages\/194\/revisions\/880"}],"wp:attachment":[{"href":"http:\/\/grupoemilacabogados.com\/index.php?rest_route=%2Fwp%2Fv2%2Fmedia&parent=194"}],"curies":[{"name":"wp","href":"https:\/\/api.w.org\/{rel}","templated":true}]}}