{"id":221,"date":"2018-09-12T18:57:32","date_gmt":"2018-09-12T18:57:32","guid":{"rendered":"http:\/\/grupoemilacabogados.com\/?page_id=221"},"modified":"2018-11-13T17:00:49","modified_gmt":"2018-11-13T17:00:49","slug":"que-hacemos-para-lograr-nuestra-mision","status":"publish","type":"page","link":"http:\/\/grupoemilacabogados.com\/?page_id=221","title":{"rendered":"\u00bfQue hacemos para logar nuestra misi\u00f3n?"},"content":{"rendered":"\n<div style=\"height:100px\" aria-hidden=\"true\" class=\"wp-block-spacer\"><\/div>\n\n\n\n<h2 class=\"wp-block-heading\" style=\"text-align:center\">\u00bfQu\u00e9 hacemos para lograr nuestra misi\u00f3n?<\/h2>\n\n\n\n<hr class=\"wp-block-separator\"\/>\n\n\n\n<div style=\"height:42px\" aria-hidden=\"true\" class=\"wp-block-spacer\"><\/div>\n\n\n\n<p><\/p>\n\n\n\n<div class=\"wp-block-columns has-2-columns is-layout-flex wp-container-core-columns-is-layout-9d6595d7 wp-block-columns-is-layout-flex\">\n<div class=\"wp-block-column is-layout-flow wp-block-column-is-layout-flow\">\n<figure class=\"wp-block-image is-resized\"><img decoding=\"async\" src=\"http:\/\/grupoemilacabogados.com\/wp-content\/uploads\/2018\/09\/lazo-03.jpg\" alt=\"\" class=\"wp-image-303\" width=\"571\" srcset=\"http:\/\/grupoemilacabogados.com\/wp-content\/uploads\/2018\/09\/lazo-03.jpg 626w, http:\/\/grupoemilacabogados.com\/wp-content\/uploads\/2018\/09\/lazo-03-300x200.jpg 300w, http:\/\/grupoemilacabogados.com\/wp-content\/uploads\/2018\/09\/lazo-03-405x270.jpg 405w\" sizes=\"(max-width: 626px) 100vw, 626px\" \/><\/figure>\n\n\n\n<p><\/p>\n<\/div>\n\n\n\n<div class=\"wp-block-column is-layout-flow wp-block-column-is-layout-flow\">\n<div style=\"height:64px\" aria-hidden=\"true\" class=\"wp-block-spacer\"><\/div>\n\n\n\n<ul class=\"wp-block-list\"><li>Asesoramos legalmente a nuestros clientes de manera integral para que puedan conocer todos los \u00e1ngulos y posibles consecuencias de sus relaciones y negocios, y la mejor manera de llevarlos a cabo.<\/li><\/ul>\n\n\n\n<p><\/p>\n\n\n\n<ul class=\"wp-block-list\"><li>Dise\u00f1amos estructuras empresariales transparentes, robustas y funcionales.<\/li><\/ul>\n\n\n\n<p><\/p>\n\n\n\n<ul class=\"wp-block-list\"><li>Elaboramos contratos que, de manera simple y clara, plasman los acuerdos, facilitan su cumplimiento, y prev\u00e9n las acciones necesarias en caso de juicio.<\/li><\/ul>\n\n\n\n<p><\/p>\n\n\n\n<ul class=\"wp-block-list\"><li>Si se llega a presentar un juicio contamos con la experiencia necesaria para obtener resultados favorables para nuestros clientes.<\/li><\/ul>\n<\/div>\n<\/div>\n\n\n\n<div style=\"height:64px\" aria-hidden=\"true\" class=\"wp-block-spacer\"><\/div>\n\n\n\n<hr class=\"wp-block-separator\"\/>\n\n\n\n<div style=\"height:28px\" aria-hidden=\"true\" class=\"wp-block-spacer\"><\/div>\n\n\n\n<h2 class=\"wp-block-heading\" style=\"text-align:center\">\u00bfQu\u00e9 valores sustentan nuestro trabajo y la confianza de nuestros clientes?<\/h2>\n\n\n\n<div style=\"height:37px\" aria-hidden=\"true\" class=\"wp-block-spacer\"><\/div>\n\n\n\n<div class=\"wp-block-columns has-2-columns is-layout-flex wp-container-core-columns-is-layout-9d6595d7 wp-block-columns-is-layout-flex\">\n<div class=\"wp-block-column is-layout-flow wp-block-column-is-layout-flow\">\n<figure class=\"wp-block-image is-resized\"><img decoding=\"async\" src=\"http:\/\/grupoemilacabogados.com\/wp-content\/uploads\/2018\/09\/CONOCIMIENTO-1.jpg\" alt=\"\" class=\"wp-image-307\" width=\"571\" srcset=\"http:\/\/grupoemilacabogados.com\/wp-content\/uploads\/2018\/09\/CONOCIMIENTO-1.jpg 800w, http:\/\/grupoemilacabogados.com\/wp-content\/uploads\/2018\/09\/CONOCIMIENTO-1-300x169.jpg 300w, http:\/\/grupoemilacabogados.com\/wp-content\/uploads\/2018\/09\/CONOCIMIENTO-1-768x432.jpg 768w, http:\/\/grupoemilacabogados.com\/wp-content\/uploads\/2018\/09\/CONOCIMIENTO-1-405x228.jpg 405w\" sizes=\"(max-width: 800px) 100vw, 800px\" \/><\/figure>\n<\/div>\n\n\n\n<div class=\"wp-block-column is-layout-flow wp-block-column-is-layout-flow\">\n<div style=\"height:56px\" aria-hidden=\"true\" class=\"wp-block-spacer\"><\/div>\n\n\n\n<p style=\"color:#003d99;text-align:center\" class=\"has-large-font-size\"><strong>1.<\/strong><\/p>\n\n\n\n<p style=\"font-size:18px;text-align:center\">El conocimiento profundo y actualizado de las leyes.<\/p>\n<\/div>\n<\/div>\n\n\n\n<div style=\"height:31px\" aria-hidden=\"true\" class=\"wp-block-spacer\"><\/div>\n\n\n\n<div class=\"wp-block-columns has-2-columns is-layout-flex wp-container-core-columns-is-layout-9d6595d7 wp-block-columns-is-layout-flex\">\n<div class=\"wp-block-column is-layout-flow wp-block-column-is-layout-flow\">\n<figure class=\"wp-block-image is-resized\"><img decoding=\"async\" src=\"http:\/\/grupoemilacabogados.com\/wp-content\/uploads\/2018\/09\/CONFIABILIDAD.jpg\" alt=\"\" class=\"wp-image-308\" width=\"571\" srcset=\"http:\/\/grupoemilacabogados.com\/wp-content\/uploads\/2018\/09\/CONFIABILIDAD.jpg 900w, http:\/\/grupoemilacabogados.com\/wp-content\/uploads\/2018\/09\/CONFIABILIDAD-300x167.jpg 300w, http:\/\/grupoemilacabogados.com\/wp-content\/uploads\/2018\/09\/CONFIABILIDAD-768x427.jpg 768w, http:\/\/grupoemilacabogados.com\/wp-content\/uploads\/2018\/09\/CONFIABILIDAD-405x225.jpg 405w\" sizes=\"(max-width: 900px) 100vw, 900px\" \/><\/figure>\n<\/div>\n\n\n\n<div class=\"wp-block-column is-layout-flow wp-block-column-is-layout-flow\">\n<div style=\"height:63px\" aria-hidden=\"true\" class=\"wp-block-spacer\"><\/div>\n\n\n\n<p style=\"color:#003d99;text-align:center\" class=\"has-large-font-size\"><strong>2.<\/strong><\/p>\n\n\n\n<p style=\"font-size:18px;text-align:center\">La honestidad, confiabilidad y lealtad absolutas en las relaciones con nuestros clientes.<\/p>\n<\/div>\n<\/div>\n\n\n\n<div style=\"height:39px\" aria-hidden=\"true\" class=\"wp-block-spacer\"><\/div>\n\n\n\n<div class=\"wp-block-columns has-2-columns is-layout-flex wp-container-core-columns-is-layout-9d6595d7 wp-block-columns-is-layout-flex\">\n<div class=\"wp-block-column is-layout-flow wp-block-column-is-layout-flow\">\n<figure class=\"wp-block-image is-resized\"><img decoding=\"async\" src=\"http:\/\/grupoemilacabogados.com\/wp-content\/uploads\/2018\/09\/RAPIDEZ.jpg\" alt=\"\" class=\"wp-image-309\" width=\"571\" srcset=\"http:\/\/grupoemilacabogados.com\/wp-content\/uploads\/2018\/09\/RAPIDEZ.jpg 626w, http:\/\/grupoemilacabogados.com\/wp-content\/uploads\/2018\/09\/RAPIDEZ-300x200.jpg 300w, http:\/\/grupoemilacabogados.com\/wp-content\/uploads\/2018\/09\/RAPIDEZ-405x270.jpg 405w\" sizes=\"(max-width: 626px) 100vw, 626px\" \/><\/figure>\n<\/div>\n\n\n\n<div class=\"wp-block-column is-layout-flow wp-block-column-is-layout-flow\">\n<div style=\"height:60px\" aria-hidden=\"true\" class=\"wp-block-spacer\"><\/div>\n\n\n\n<p style=\"color:#003d99;text-align:center\" class=\"has-large-font-size\"><strong>3.<\/strong><\/p>\n\n\n\n<p style=\"font-size:18px;text-align:center\">El profesionalismo, la rapidez y la efectividad en nuestro servicio.<\/p>\n<\/div>\n<\/div>\n\n\n\n<div style=\"height:40px\" aria-hidden=\"true\" class=\"wp-block-spacer\"><\/div>\n\n\n\n<div class=\"wp-block-columns has-2-columns is-layout-flex wp-container-core-columns-is-layout-9d6595d7 wp-block-columns-is-layout-flex\">\n<div class=\"wp-block-column is-layout-flow wp-block-column-is-layout-flow\">\n<figure class=\"wp-block-image is-resized\"><img decoding=\"async\" src=\"http:\/\/grupoemilacabogados.com\/wp-content\/uploads\/2018\/09\/LAZOS-5.jpg\" alt=\"\" class=\"wp-image-310\" width=\"571\" srcset=\"http:\/\/grupoemilacabogados.com\/wp-content\/uploads\/2018\/09\/LAZOS-5.jpg 825w, http:\/\/grupoemilacabogados.com\/wp-content\/uploads\/2018\/09\/LAZOS-5-300x185.jpg 300w, http:\/\/grupoemilacabogados.com\/wp-content\/uploads\/2018\/09\/LAZOS-5-768x475.jpg 768w, http:\/\/grupoemilacabogados.com\/wp-content\/uploads\/2018\/09\/LAZOS-5-405x250.jpg 405w\" sizes=\"(max-width: 825px) 100vw, 825px\" \/><\/figure>\n<\/div>\n\n\n\n<div class=\"wp-block-column is-layout-flow wp-block-column-is-layout-flow\">\n<p style=\"color:#003d99;text-align:center\" class=\"has-large-font-size\"><strong>4.<\/strong><\/p>\n\n\n\n<p style=\"font-size:18px;text-align:center\">El trato humano, con amabilidad, sencillez y respeto, a todas las personas con quienes nos relacionamos.<\/p>\n<\/div>\n<\/div>\n\n\n\n<div style=\"height:51px\" aria-hidden=\"true\" class=\"wp-block-spacer\"><\/div>\n\n\n\n<hr class=\"wp-block-separator\"\/>\n\n\n\n<div style=\"height:40px\" aria-hidden=\"true\" class=\"wp-block-spacer\"><\/div>\n\n\n\n<h2 class=\"wp-block-heading\" style=\"text-align:center\">\u00bfQu\u00e9 misi\u00f3n asumimos?<\/h2>\n\n\n\n<div style=\"height:39px\" aria-hidden=\"true\" class=\"wp-block-spacer\"><\/div>\n\n\n\n<div class=\"wp-block-columns has-2-columns is-layout-flex wp-container-core-columns-is-layout-9d6595d7 wp-block-columns-is-layout-flex\">\n<div class=\"wp-block-column is-layout-flow wp-block-column-is-layout-flow\">\n<figure class=\"wp-block-image\"><img loading=\"lazy\" decoding=\"async\" width=\"571\" height=\"321\" src=\"http:\/\/grupoemilacabogados.com\/wp-content\/uploads\/2018\/09\/mision.jpg\" alt=\"\" class=\"wp-image-296\" srcset=\"http:\/\/grupoemilacabogados.com\/wp-content\/uploads\/2018\/09\/mision.jpg 571w, http:\/\/grupoemilacabogados.com\/wp-content\/uploads\/2018\/09\/mision-300x169.jpg 300w, http:\/\/grupoemilacabogados.com\/wp-content\/uploads\/2018\/09\/mision-405x228.jpg 405w\" sizes=\"auto, (max-width: 571px) 100vw, 571px\" \/><\/figure>\n<\/div>\n\n\n\n<div class=\"wp-block-column is-layout-flow wp-block-column-is-layout-flow\">\n<div style=\"height:54px\" aria-hidden=\"true\" class=\"wp-block-spacer\"><\/div>\n\n\n\n<ul class=\"wp-block-list\"><li>Proteger y crear veh\u00edculos jur\u00eddicos para su patrimonio inmobiliario.<\/li><\/ul>\n\n\n\n<ul class=\"wp-block-list\"><li>Asegurar su tranquilidad en las relaciones comerciales.<\/li><\/ul>\n\n\n\n<ul class=\"wp-block-list\"><li>Facilitar la creaci\u00f3n y operaci\u00f3n de negocios que perduren en armon\u00eda, con seguridad jur\u00eddica para todos los involucrados.<\/li><\/ul>\n\n\n\n<ul class=\"wp-block-list\"><li>Proteger a las sociedades y asociaciones, y a sus accionistas o miembros, de contingencias jur\u00eddicas presentes o futuras.<\/li><\/ul>\n\n\n\n<ul class=\"wp-block-list\"><li>Tomar acciones preventivas con el objeto de evitar procedimientos contenciosos.<\/li><\/ul>\n<\/div>\n<\/div>\n\n\n\n<hr class=\"wp-block-separator\"\/>\n\n\n\n<div style=\"height:31px\" aria-hidden=\"true\" class=\"wp-block-spacer\"><\/div>\n\n\n\n<div class=\"wp-block-columns has-5-columns is-layout-flex wp-container-core-columns-is-layout-9d6595d7 wp-block-columns-is-layout-flex\">\n<div class=\"wp-block-column is-layout-flow wp-block-column-is-layout-flow\">\n<p style=\"font-size:12px\"><\/p>\n<\/div>\n\n\n\n<div class=\"wp-block-column is-layout-flow wp-block-column-is-layout-flow\"><\/div>\n\n\n\n<div class=\"wp-block-column is-layout-flow wp-block-column-is-layout-flow\"><\/div>\n\n\n\n<div class=\"wp-block-column is-layout-flow wp-block-column-is-layout-flow\"><\/div>\n\n\n\n<div class=\"wp-block-column is-layout-flow wp-block-column-is-layout-flow\">\n<p style=\"color:#092d70;font-size:18px;text-align:left\">\u00a0 \u00a0 \u00a0 \u00a0 <strong>\u00a0Contacto<\/strong><\/p>\n\n\n\n<div class=\"wp-block-image\"><figure class=\"aligncenter\"><a href=\"http:\/\/grupoemilacabogados.com\/?page_id=10\"><img loading=\"lazy\" decoding=\"async\" width=\"150\" height=\"150\" src=\"http:\/\/grupoemilacabogados.com\/wp-content\/uploads\/2018\/10\/INICIO-150x150.jpg\" alt=\"\" class=\"wp-image-638\"\/><\/a><figcaption><a href=\"http:\/\/grupoemilacabogados.com\/?page_id=10\"><strong>Sus Abogados de Confianza<\/strong><\/a><\/figcaption><\/figure><\/div>\n\n\n\n<p><\/p>\n<\/div>\n<\/div>\n","protected":false},"excerpt":{"rendered":"<p>\u00bfQu\u00e9 hacemos para lograr nuestra misi\u00f3n? Asesoramos legalmente a nuestros clientes de manera integral para que puedan conocer todos los \u00e1ngulos y posibles consecuencias de sus relaciones y negocios, y la mejor manera de llevarlos a cabo. Dise\u00f1amos estructuras empresariales transparentes, robustas y funcionales. Elaboramos contratos que, de manera simple &hellip;<\/p>\n","protected":false},"author":1,"featured_media":0,"parent":0,"menu_order":0,"comment_status":"closed","ping_status":"closed","template":"","meta":{"footnotes":""},"class_list":["post-221","page","type-page","status-publish","hentry"],"_links":{"self":[{"href":"http:\/\/grupoemilacabogados.com\/index.php?rest_route=\/wp\/v2\/pages\/221","targetHints":{"allow":["GET"]}}],"collection":[{"href":"http:\/\/grupoemilacabogados.com\/index.php?rest_route=\/wp\/v2\/pages"}],"about":[{"href":"http:\/\/grupoemilacabogados.com\/index.php?rest_route=\/wp\/v2\/types\/page"}],"author":[{"embeddable":true,"href":"http:\/\/grupoemilacabogados.com\/index.php?rest_route=\/wp\/v2\/users\/1"}],"replies":[{"embeddable":true,"href":"http:\/\/grupoemilacabogados.com\/index.php?rest_route=%2Fwp%2Fv2%2Fcomments&post=221"}],"version-history":[{"count":11,"href":"http:\/\/grupoemilacabogados.com\/index.php?rest_route=\/wp\/v2\/pages\/221\/revisions"}],"predecessor-version":[{"id":898,"href":"http:\/\/grupoemilacabogados.com\/index.php?rest_route=\/wp\/v2\/pages\/221\/revisions\/898"}],"wp:attachment":[{"href":"http:\/\/grupoemilacabogados.com\/index.php?rest_route=%2Fwp%2Fv2%2Fmedia&parent=221"}],"curies":[{"name":"wp","href":"https:\/\/api.w.org\/{rel}","templated":true}]}}